{"id":5022,"date":"2017-04-22T18:22:33","date_gmt":"2017-04-22T22:22:33","guid":{"rendered":"https:\/\/stg.cloturesdb.com\/choose-clotures-et-rampes-db\/"},"modified":"2024-06-18T16:47:31","modified_gmt":"2024-06-18T20:47:31","slug":"choose-clotures-et-rampes-db","status":"publish","type":"page","link":"https:\/\/stg.cloturesdb.com\/en\/choose-clotures-et-rampes-db\/","title":{"rendered":"About us"},"content":{"rendered":"\t\t<div data-elementor-type=\"wp-page\" data-elementor-id=\"5022\" class=\"elementor elementor-5022 elementor-76\" data-elementor-post-type=\"page\">\n\t\t\t\t\t\t<section class=\"elementor-section elementor-top-section elementor-element elementor-element-4feff917 elementor-section-boxed elementor-section-height-default elementor-section-height-default\" data-id=\"4feff917\" data-element_type=\"section\" data-e-type=\"section\" data-settings=\"{&quot;background_background&quot;:&quot;classic&quot;}\">\n\t\t\t\t\t\t<div class=\"elementor-container elementor-column-gap-default\">\n\t\t\t\t\t<div class=\"elementor-column elementor-col-100 elementor-top-column elementor-element elementor-element-32e8fa9a\" data-id=\"32e8fa9a\" data-element_type=\"column\" data-e-type=\"column\" data-settings=\"{&quot;background_background&quot;:&quot;classic&quot;}\">\n\t\t\t<div class=\"elementor-widget-wrap elementor-element-populated\">\n\t\t\t\t\t\t<div class=\"elementor-element elementor-element-faa9534 elementor-widget elementor-widget-heading\" data-id=\"faa9534\" data-element_type=\"widget\" data-e-type=\"widget\" data-widget_type=\"heading.default\">\n\t\t\t\t<div class=\"elementor-widget-container\">\n\t\t\t\t\t<h1 class=\"elementor-heading-title elementor-size-default\">Choose Cl\u00f4tures et Rampes DB<\/h1>\t\t\t\t<\/div>\n\t\t\t\t<\/div>\n\t\t\t\t<div class=\"elementor-element elementor-element-28a362d7 elementor-widget elementor-widget-text-editor\" data-id=\"28a362d7\" data-element_type=\"widget\" data-e-type=\"widget\" data-widget_type=\"text-editor.default\">\n\t\t\t\t<div class=\"elementor-widget-container\">\n\t\t\t\t\t\t\t\t\t<p>Since 1989, Cl\u00f4tures et Rampes DB has been a family business that specializes in the manufacture, distribution, sale and installation of fences and railings. The company has earned a solid reputation in the fence and railing industry for its high-quality products, its know-how and its desire to excel. <\/p>\n\t\t\t\t\t\t\t\t<\/div>\n\t\t\t\t<\/div>\n\t\t\t\t\t<\/div>\n\t\t<\/div>\n\t\t\t\t\t<\/div>\n\t\t<\/section>\n\t\t\t\t<section class=\"elementor-section elementor-top-section elementor-element elementor-element-319dcdf7 elementor-section-boxed elementor-section-height-default elementor-section-height-default\" data-id=\"319dcdf7\" data-element_type=\"section\" data-e-type=\"section\">\n\t\t\t\t\t\t<div class=\"elementor-container elementor-column-gap-default\">\n\t\t\t\t\t<div class=\"elementor-column elementor-col-100 elementor-top-column elementor-element elementor-element-50ecb27\" data-id=\"50ecb27\" data-element_type=\"column\" data-e-type=\"column\">\n\t\t\t<div class=\"elementor-widget-wrap elementor-element-populated\">\n\t\t\t\t\t\t<div class=\"elementor-element elementor-element-622872a0 elementor-widget elementor-widget-breadcrumbs\" data-id=\"622872a0\" data-element_type=\"widget\" data-e-type=\"widget\" data-widget_type=\"breadcrumbs.default\">\n\t\t\t\t<div class=\"elementor-widget-container\">\n\t\t\t\t\t<p id=\"breadcrumbs\"><span><span><a href=\"https:\/\/stg.cloturesdb.com\/en\/\">Accueil<\/a><\/span><\/span><\/p>\t\t\t\t<\/div>\n\t\t\t\t<\/div>\n\t\t\t\t\t<\/div>\n\t\t<\/div>\n\t\t\t\t\t<\/div>\n\t\t<\/section>\n\t\t\t\t<section class=\"elementor-section elementor-top-section elementor-element elementor-element-5dd198a4 elementor-section-boxed elementor-section-height-default elementor-section-height-default\" data-id=\"5dd198a4\" data-element_type=\"section\" data-e-type=\"section\" data-settings=\"{&quot;background_background&quot;:&quot;classic&quot;}\">\n\t\t\t\t\t\t<div class=\"elementor-container elementor-column-gap-default\">\n\t\t\t\t\t<div class=\"elementor-column elementor-col-100 elementor-top-column elementor-element elementor-element-5b293168\" data-id=\"5b293168\" data-element_type=\"column\" data-e-type=\"column\">\n\t\t\t<div class=\"elementor-widget-wrap elementor-element-populated\">\n\t\t\t\t\t\t<div class=\"elementor-element elementor-element-332bd240 elementor-widget elementor-widget-heading\" data-id=\"332bd240\" data-element_type=\"widget\" data-e-type=\"widget\" data-widget_type=\"heading.default\">\n\t\t\t\t<div class=\"elementor-widget-container\">\n\t\t\t\t\t<h2 class=\"elementor-heading-title elementor-size-default\"><i>Frost<\/i> fences, railings and more:<br>Why choose us?<\/h2>\t\t\t\t<\/div>\n\t\t\t\t<\/div>\n\t\t\t\t<div class=\"elementor-element elementor-element-2adb80e elementor-widget elementor-widget-text-editor\" data-id=\"2adb80e\" data-element_type=\"widget\" data-e-type=\"widget\" data-widget_type=\"text-editor.default\">\n\t\t\t\t<div class=\"elementor-widget-container\">\n\t\t\t\t\t\t\t\t\t<p>Cl\u00f4tures et Rampes DB is always on the lookout for new trends and innovative technologies in the field. We manufacture most of the products we offer and are proud to provide a wide range of high-quality, avant-garde home-made products at competitive prices. So, we can easily reconcile your tastes to your budget.  <\/p>\n<p>With our large inventory, we can respond quickly to everyone\u2019s requests and needs. With our two branches, Granby and Sherbrooke, and our service point in Sainte-Julie, we cover a vast territory in Estrie and Mont\u00e9r\u00e9gie. <\/p>\n<p>Our values are important factors as they guide our actions and daily decision-making. <\/p>\n\t\t\t\t\t\t\t\t<\/div>\n\t\t\t\t<\/div>\n\t\t\t\t<div class=\"elementor-element elementor-element-e6ceb92 elementor-widget elementor-widget-heading\" data-id=\"e6ceb92\" data-element_type=\"widget\" data-e-type=\"widget\" data-widget_type=\"heading.default\">\n\t\t\t\t<div class=\"elementor-widget-container\">\n\t\t\t\t\t<h4 class=\"elementor-heading-title elementor-size-default\"><b>Mission<\/b><\/h4>\t\t\t\t<\/div>\n\t\t\t\t<\/div>\n\t\t\t\t<div class=\"elementor-element elementor-element-54db5d2 elementor-widget elementor-widget-text-editor\" data-id=\"54db5d2\" data-element_type=\"widget\" data-e-type=\"widget\" data-widget_type=\"text-editor.default\">\n\t\t\t\t<div class=\"elementor-widget-container\">\n\t\t\t\t\t\t\t\t\t<p>To offer a wide choice of quality fences and railings at the best prices and a competent, efficient consulting service for all types of projects, whether residential, commercial or industrial.<\/p>\n\t\t\t\t\t\t\t\t<\/div>\n\t\t\t\t<\/div>\n\t\t\t\t<div class=\"elementor-element elementor-element-1f53d36 elementor-widget elementor-widget-heading\" data-id=\"1f53d36\" data-element_type=\"widget\" data-e-type=\"widget\" data-widget_type=\"heading.default\">\n\t\t\t\t<div class=\"elementor-widget-container\">\n\t\t\t\t\t<h4 class=\"elementor-heading-title elementor-size-default\"><b>Vision<\/b><\/h4>\t\t\t\t<\/div>\n\t\t\t\t<\/div>\n\t\t\t\t<div class=\"elementor-element elementor-element-df56c9e elementor-widget elementor-widget-text-editor\" data-id=\"df56c9e\" data-element_type=\"widget\" data-e-type=\"widget\" data-widget_type=\"text-editor.default\">\n\t\t\t\t<div class=\"elementor-widget-container\">\n\t\t\t\t\t\t\t\t\t<p>To become the provincial benchmark in the fence and railing industry through our high-quality products, expertise and personalized efficient service.<\/p>\n<p>Our core corporate values:<\/p>\n\t\t\t\t\t\t\t\t<\/div>\n\t\t\t\t<\/div>\n\t\t\t\t\t<\/div>\n\t\t<\/div>\n\t\t\t\t\t<\/div>\n\t\t<\/section>\n\t\t\t\t<section class=\"elementor-section elementor-top-section elementor-element elementor-element-fe8d4f6 elementor-section-boxed elementor-section-height-default elementor-section-height-default\" data-id=\"fe8d4f6\" data-element_type=\"section\" data-e-type=\"section\">\n\t\t\t\t\t\t<div class=\"elementor-container elementor-column-gap-default\">\n\t\t\t\t\t<div class=\"elementor-column elementor-col-100 elementor-top-column elementor-element elementor-element-0647b46\" data-id=\"0647b46\" data-element_type=\"column\" data-e-type=\"column\" data-settings=\"{&quot;background_background&quot;:&quot;classic&quot;}\">\n\t\t\t<div class=\"elementor-widget-wrap elementor-element-populated\">\n\t\t\t\t\t\t<section class=\"elementor-section elementor-inner-section elementor-element elementor-element-3949ff8 elementor-section-boxed elementor-section-height-default elementor-section-height-default\" data-id=\"3949ff8\" data-element_type=\"section\" data-e-type=\"section\">\n\t\t\t\t\t\t<div class=\"elementor-container elementor-column-gap-custom\">\n\t\t\t\t\t<div class=\"elementor-column elementor-col-33 elementor-inner-column elementor-element elementor-element-3b9f800\" data-id=\"3b9f800\" data-element_type=\"column\" data-e-type=\"column\">\n\t\t\t<div class=\"elementor-widget-wrap elementor-element-populated\">\n\t\t\t\t\t\t<div class=\"elementor-element elementor-element-101118f elementor-widget elementor-widget-heading\" data-id=\"101118f\" data-element_type=\"widget\" data-e-type=\"widget\" data-widget_type=\"heading.default\">\n\t\t\t\t<div class=\"elementor-widget-container\">\n\t\t\t\t\t<h4 class=\"elementor-heading-title elementor-size-default\">ACCESSIBILITY<br>\n<span style=\"color:#8cbf3f;font-size:22px\">\u2013 we\u2019re a phone call away<\/span><\/h4>\t\t\t\t<\/div>\n\t\t\t\t<\/div>\n\t\t\t\t<div class=\"elementor-element elementor-element-fe54010 elementor-widget elementor-widget-text-editor\" data-id=\"fe54010\" data-element_type=\"widget\" data-e-type=\"widget\" data-widget_type=\"text-editor.default\">\n\t\t\t\t<div class=\"elementor-widget-container\">\n\t\t\t\t\t\t\t\t\tFast competent service is our trademark. The remarkable accessibility of our staff and customer service is integral to the company\u2019s success. \n<br><br>\nWe are open to all types of projects and adapt our services to our customers\u2019 needs.\t\t\t\t\t\t\t\t<\/div>\n\t\t\t\t<\/div>\n\t\t\t\t\t<\/div>\n\t\t<\/div>\n\t\t\t\t<div class=\"elementor-column elementor-col-33 elementor-inner-column elementor-element elementor-element-e23e8a2\" data-id=\"e23e8a2\" data-element_type=\"column\" data-e-type=\"column\">\n\t\t\t<div class=\"elementor-widget-wrap elementor-element-populated\">\n\t\t\t\t\t\t<div class=\"elementor-element elementor-element-ba46168 elementor-widget elementor-widget-heading\" data-id=\"ba46168\" data-element_type=\"widget\" data-e-type=\"widget\" data-widget_type=\"heading.default\">\n\t\t\t\t<div class=\"elementor-widget-container\">\n\t\t\t\t\t<h4 class=\"elementor-heading-title elementor-size-default\">TRUST<br>\n<span style=\"color:#8cbf3f;font-size:22px\">\u2013 building lasting relationships<\/span><\/h4>\t\t\t\t<\/div>\n\t\t\t\t<\/div>\n\t\t\t\t<div class=\"elementor-element elementor-element-9282bad elementor-widget elementor-widget-text-editor\" data-id=\"9282bad\" data-element_type=\"widget\" data-e-type=\"widget\" data-widget_type=\"text-editor.default\">\n\t\t\t\t<div class=\"elementor-widget-container\">\n\t\t\t\t\t\t\t\t\tBecause of the affable personal contacts we promote, we can act as partners in our clients&#8217; projects. We work with them, for them. We are straightforward, professional and responsive.  \n<br><br>\nTrust and confidence allow every customer, employee, and business partner to cultivate strong lasting relationships.\t\t\t\t\t\t\t\t<\/div>\n\t\t\t\t<\/div>\n\t\t\t\t\t<\/div>\n\t\t<\/div>\n\t\t\t\t<div class=\"elementor-column elementor-col-33 elementor-inner-column elementor-element elementor-element-ced2d99\" data-id=\"ced2d99\" data-element_type=\"column\" data-e-type=\"column\">\n\t\t\t<div class=\"elementor-widget-wrap elementor-element-populated\">\n\t\t\t\t\t\t<div class=\"elementor-element elementor-element-fe6cf68 elementor-widget elementor-widget-heading\" data-id=\"fe6cf68\" data-element_type=\"widget\" data-e-type=\"widget\" data-widget_type=\"heading.default\">\n\t\t\t\t<div class=\"elementor-widget-container\">\n\t\t\t\t\t<h4 class=\"elementor-heading-title elementor-size-default\">EFFICIENCY<br>\n<span style=\"color:#8cbf3f;font-size:22px\">\u2013 people who care and are careful<\/span><\/h4>\t\t\t\t<\/div>\n\t\t\t\t<\/div>\n\t\t\t\t<div class=\"elementor-element elementor-element-0039aa6 elementor-widget elementor-widget-text-editor\" data-id=\"0039aa6\" data-element_type=\"widget\" data-e-type=\"widget\" data-widget_type=\"text-editor.default\">\n\t\t\t\t<div class=\"elementor-widget-container\">\n\t\t\t\t\t\t\t\t\tFrom start to finish, we build on the strengths of each team member and work together closely to optimize everyone&#8217;s performance to produce fast, efficient work.\n <br><br>\nWe use the experience and knowledge of our employees to adopt the best practices of the fencing and railing industry. Teamwork is the foundation of our company&#8217;s success. \t\t\t\t\t\t\t\t<\/div>\n\t\t\t\t<\/div>\n\t\t\t\t\t<\/div>\n\t\t<\/div>\n\t\t\t\t\t<\/div>\n\t\t<\/section>\n\t\t\t\t<section class=\"elementor-section elementor-inner-section elementor-element elementor-element-c377c6d elementor-section-boxed elementor-section-height-default elementor-section-height-default\" data-id=\"c377c6d\" data-element_type=\"section\" data-e-type=\"section\">\n\t\t\t\t\t\t<div class=\"elementor-container elementor-column-gap-custom\">\n\t\t\t\t\t<div class=\"elementor-column elementor-col-33 elementor-inner-column elementor-element elementor-element-9ff60b9\" data-id=\"9ff60b9\" data-element_type=\"column\" data-e-type=\"column\">\n\t\t\t<div class=\"elementor-widget-wrap elementor-element-populated\">\n\t\t\t\t\t\t<div class=\"elementor-element elementor-element-ee71636 elementor-widget elementor-widget-heading\" data-id=\"ee71636\" data-element_type=\"widget\" data-e-type=\"widget\" data-widget_type=\"heading.default\">\n\t\t\t\t<div class=\"elementor-widget-container\">\n\t\t\t\t\t<h4 class=\"elementor-heading-title elementor-size-default\">QUALITY<br>\n<span style=\"color:#8cbf3f;font-size:22px\">\u2013 the drive to do better<\/span><\/h4>\t\t\t\t<\/div>\n\t\t\t\t<\/div>\n\t\t\t\t<div class=\"elementor-element elementor-element-30d8968 elementor-widget elementor-widget-text-editor\" data-id=\"30d8968\" data-element_type=\"widget\" data-e-type=\"widget\" data-widget_type=\"text-editor.default\">\n\t\t\t\t<div class=\"elementor-widget-container\">\n\t\t\t\t\t\t\t\t\t<p>Year after year, the company engages in a process of continuous improvement of our products, services and work methods.<\/p>\n<p>We excel in developing high-quality, long-lasting and maintenance-free products that exceed industry standards.<\/p>\n\t\t\t\t\t\t\t\t<\/div>\n\t\t\t\t<\/div>\n\t\t\t\t\t<\/div>\n\t\t<\/div>\n\t\t\t\t<div class=\"elementor-column elementor-col-33 elementor-inner-column elementor-element elementor-element-7e9d614\" data-id=\"7e9d614\" data-element_type=\"column\" data-e-type=\"column\">\n\t\t\t<div class=\"elementor-widget-wrap elementor-element-populated\">\n\t\t\t\t\t\t<div class=\"elementor-element elementor-element-6fd3fe4 elementor-widget elementor-widget-heading\" data-id=\"6fd3fe4\" data-element_type=\"widget\" data-e-type=\"widget\" data-widget_type=\"heading.default\">\n\t\t\t\t<div class=\"elementor-widget-container\">\n\t\t\t\t\t<h4 class=\"elementor-heading-title elementor-size-default\">SAFETY<br>\n<span style=\"color:#8cbf3f;font-size:22px\">\u2013 at the heart of everything we do<\/span><\/h4>\t\t\t\t<\/div>\n\t\t\t\t<\/div>\n\t\t\t\t<div class=\"elementor-element elementor-element-746cd2c elementor-widget elementor-widget-text-editor\" data-id=\"746cd2c\" data-element_type=\"widget\" data-e-type=\"widget\" data-widget_type=\"text-editor.default\">\n\t\t\t\t<div class=\"elementor-widget-container\">\n\t\t\t\t\t\t\t\t\tSafety is our main concern. Whether it&#8217;s for our employees or our customers, it\u2019s our #1 priority. It directs everything we do.   \n<br><br>\nBy enclosing, defining and preventing access, our fences and railings make it possible to secure vulnerable perimeters for everyone, at all times.\t\t\t\t\t\t\t\t<\/div>\n\t\t\t\t<\/div>\n\t\t\t\t\t<\/div>\n\t\t<\/div>\n\t\t\t\t<div class=\"elementor-column elementor-col-33 elementor-inner-column elementor-element elementor-element-0a07822\" data-id=\"0a07822\" data-element_type=\"column\" data-e-type=\"column\">\n\t\t\t<div class=\"elementor-widget-wrap\">\n\t\t\t\t\t\t\t<\/div>\n\t\t<\/div>\n\t\t\t\t\t<\/div>\n\t\t<\/section>\n\t\t\t\t\t<\/div>\n\t\t<\/div>\n\t\t\t\t\t<\/div>\n\t\t<\/section>\n\t\t\t\t<\/div>\n\t\t","protected":false},"excerpt":{"rendered":"<p>Choose Cl\u00f4tures et Rampes DB Since 1989, Cl\u00f4tures et Rampes DB has been a family business that specializes in the [&hellip;]<\/p>\n","protected":false},"author":2,"featured_media":0,"parent":0,"menu_order":0,"comment_status":"closed","ping_status":"closed","template":"elementor_header_footer","meta":{"site-sidebar-layout":"default","site-content-layout":"","ast-site-content-layout":"default","site-content-style":"default","site-sidebar-style":"default","ast-global-header-display":"","ast-banner-title-visibility":"","ast-main-header-display":"","ast-hfb-above-header-display":"","ast-hfb-below-header-display":"","ast-hfb-mobile-header-display":"","site-post-title":"","ast-breadcrumbs-content":"","ast-featured-img":"","footer-sml-layout":"","ast-disable-related-posts":"","theme-transparent-header-meta":"","adv-header-id-meta":"","stick-header-meta":"","header-above-stick-meta":"","header-main-stick-meta":"","header-below-stick-meta":"","astra-migrate-meta-layouts":"default","ast-page-background-enabled":"default","ast-page-background-meta":{"desktop":{"background-color":"var(--ast-global-color-5)","background-image":"","background-repeat":"repeat","background-position":"center center","background-size":"auto","background-attachment":"scroll","background-type":"","background-media":"","overlay-type":"","overlay-color":"","overlay-opacity":"","overlay-gradient":""},"tablet":{"background-color":"","background-image":"","background-repeat":"repeat","background-position":"center center","background-size":"auto","background-attachment":"scroll","background-type":"","background-media":"","overlay-type":"","overlay-color":"","overlay-opacity":"","overlay-gradient":""},"mobile":{"background-color":"","background-image":"","background-repeat":"repeat","background-position":"center center","background-size":"auto","background-attachment":"scroll","background-type":"","background-media":"","overlay-type":"","overlay-color":"","overlay-opacity":"","overlay-gradient":""}},"ast-content-background-meta":{"desktop":{"background-color":"var(--ast-global-color-4)","background-image":"","background-repeat":"repeat","background-position":"center center","background-size":"auto","background-attachment":"scroll","background-type":"","background-media":"","overlay-type":"","overlay-color":"","overlay-opacity":"","overlay-gradient":""},"tablet":{"background-color":"var(--ast-global-color-4)","background-image":"","background-repeat":"repeat","background-position":"center center","background-size":"auto","background-attachment":"scroll","background-type":"","background-media":"","overlay-type":"","overlay-color":"","overlay-opacity":"","overlay-gradient":""},"mobile":{"background-color":"var(--ast-global-color-4)","background-image":"","background-repeat":"repeat","background-position":"center center","background-size":"auto","background-attachment":"scroll","background-type":"","background-media":"","overlay-type":"","overlay-color":"","overlay-opacity":"","overlay-gradient":""}},"footnotes":""},"class_list":["post-5022","page","type-page","status-publish","hentry"],"yoast_head":"<!-- This site is optimized with the Yoast SEO plugin v27.3 - https:\/\/yoast.com\/product\/yoast-seo-wordpress\/ -->\n<title>About us - Cl\u00f4tures et Rampes DB<\/title>\n<meta name=\"robots\" content=\"noindex, follow, max-snippet:-1, max-image-preview:large, max-video-preview:-1\" \/>\n<meta property=\"og:locale\" content=\"en_US\" \/>\n<meta property=\"og:type\" content=\"article\" \/>\n<meta property=\"og:title\" content=\"About us - Cl\u00f4tures et Rampes DB\" \/>\n<meta property=\"og:description\" content=\"Choose Cl\u00f4tures et Rampes DB Since 1989, Cl\u00f4tures et Rampes DB has been a family business that specializes in the [&hellip;]\" \/>\n<meta property=\"og:url\" content=\"https:\/\/stg.cloturesdb.com\/pourquoi-nous-choisir\/\" \/>\n<meta property=\"og:site_name\" content=\"Cl\u00f4tures et Rampes DB\" \/>\n<meta property=\"article:modified_time\" content=\"2024-06-18T20:47:31+00:00\" \/>\n<meta name=\"twitter:card\" content=\"summary_large_image\" \/>\n<meta name=\"twitter:label1\" content=\"Est. reading time\" \/>\n\t<meta name=\"twitter:data1\" content=\"3 minutes\" \/>\n<script type=\"application\/ld+json\" class=\"yoast-schema-graph\">{\"@context\":\"https:\\\/\\\/schema.org\",\"@graph\":[{\"@type\":\"WebPage\",\"@id\":\"https:\\\/\\\/stg.cloturesdb.com\\\/pourquoi-nous-choisir\\\/\",\"url\":\"https:\\\/\\\/stg.cloturesdb.com\\\/pourquoi-nous-choisir\\\/\",\"name\":\"About us - Cl\u00f4tures et Rampes DB\",\"isPartOf\":{\"@id\":\"https:\\\/\\\/stg.cloturesdb.com\\\/#website\"},\"datePublished\":\"2017-04-22T22:22:33+00:00\",\"dateModified\":\"2024-06-18T20:47:31+00:00\",\"breadcrumb\":{\"@id\":\"https:\\\/\\\/stg.cloturesdb.com\\\/pourquoi-nous-choisir\\\/#breadcrumb\"},\"inLanguage\":\"en-US\",\"potentialAction\":[{\"@type\":\"ReadAction\",\"target\":[\"https:\\\/\\\/stg.cloturesdb.com\\\/pourquoi-nous-choisir\\\/\"]}]},{\"@type\":\"BreadcrumbList\",\"@id\":\"https:\\\/\\\/stg.cloturesdb.com\\\/pourquoi-nous-choisir\\\/#breadcrumb\",\"itemListElement\":[{\"@type\":\"ListItem\",\"position\":1,\"name\":\"Accueil\",\"item\":\"https:\\\/\\\/stg.cloturesdb.com\\\/en\\\/\"},{\"@type\":\"ListItem\",\"position\":2,\"name\":\"About us\"}]},{\"@type\":\"WebSite\",\"@id\":\"https:\\\/\\\/stg.cloturesdb.com\\\/#website\",\"url\":\"https:\\\/\\\/stg.cloturesdb.com\\\/\",\"name\":\"Cl\u00f4tures et Rampes DB\",\"description\":\"Granby, Sherbrooke, Saint-Hyacinthe, Sainte-Julie\",\"publisher\":{\"@id\":\"https:\\\/\\\/stg.cloturesdb.com\\\/#organization\"},\"potentialAction\":[{\"@type\":\"SearchAction\",\"target\":{\"@type\":\"EntryPoint\",\"urlTemplate\":\"https:\\\/\\\/stg.cloturesdb.com\\\/?s={search_term_string}\"},\"query-input\":{\"@type\":\"PropertyValueSpecification\",\"valueRequired\":true,\"valueName\":\"search_term_string\"}}],\"inLanguage\":\"en-US\"},{\"@type\":\"Organization\",\"@id\":\"https:\\\/\\\/stg.cloturesdb.com\\\/#organization\",\"name\":\"Cl\u00f4tures et rampes DB\",\"url\":\"https:\\\/\\\/stg.cloturesdb.com\\\/\",\"logo\":{\"@type\":\"ImageObject\",\"inLanguage\":\"en-US\",\"@id\":\"https:\\\/\\\/stg.cloturesdb.com\\\/#\\\/schema\\\/logo\\\/image\\\/\",\"url\":\"https:\\\/\\\/stg.cloturesdb.com\\\/wp-content\\\/uploads\\\/2021\\\/02\\\/CLDB-logo-1.svg\",\"contentUrl\":\"https:\\\/\\\/stg.cloturesdb.com\\\/wp-content\\\/uploads\\\/2021\\\/02\\\/CLDB-logo-1.svg\",\"width\":1,\"height\":1,\"caption\":\"Cl\u00f4tures et rampes DB\"},\"image\":{\"@id\":\"https:\\\/\\\/stg.cloturesdb.com\\\/#\\\/schema\\\/logo\\\/image\\\/\"}}]}<\/script>\n<!-- \/ Yoast SEO plugin. -->","yoast_head_json":{"title":"About us - Cl\u00f4tures et Rampes DB","robots":{"index":"noindex","follow":"follow","max-snippet":"max-snippet:-1","max-image-preview":"max-image-preview:large","max-video-preview":"max-video-preview:-1"},"og_locale":"en_US","og_type":"article","og_title":"About us - Cl\u00f4tures et Rampes DB","og_description":"Choose Cl\u00f4tures et Rampes DB Since 1989, Cl\u00f4tures et Rampes DB has been a family business that specializes in the [&hellip;]","og_url":"https:\/\/stg.cloturesdb.com\/pourquoi-nous-choisir\/","og_site_name":"Cl\u00f4tures et Rampes DB","article_modified_time":"2024-06-18T20:47:31+00:00","twitter_card":"summary_large_image","twitter_misc":{"Est. reading time":"3 minutes"},"schema":{"@context":"https:\/\/schema.org","@graph":[{"@type":"WebPage","@id":"https:\/\/stg.cloturesdb.com\/pourquoi-nous-choisir\/","url":"https:\/\/stg.cloturesdb.com\/pourquoi-nous-choisir\/","name":"About us - Cl\u00f4tures et Rampes DB","isPartOf":{"@id":"https:\/\/stg.cloturesdb.com\/#website"},"datePublished":"2017-04-22T22:22:33+00:00","dateModified":"2024-06-18T20:47:31+00:00","breadcrumb":{"@id":"https:\/\/stg.cloturesdb.com\/pourquoi-nous-choisir\/#breadcrumb"},"inLanguage":"en-US","potentialAction":[{"@type":"ReadAction","target":["https:\/\/stg.cloturesdb.com\/pourquoi-nous-choisir\/"]}]},{"@type":"BreadcrumbList","@id":"https:\/\/stg.cloturesdb.com\/pourquoi-nous-choisir\/#breadcrumb","itemListElement":[{"@type":"ListItem","position":1,"name":"Accueil","item":"https:\/\/stg.cloturesdb.com\/en\/"},{"@type":"ListItem","position":2,"name":"About us"}]},{"@type":"WebSite","@id":"https:\/\/stg.cloturesdb.com\/#website","url":"https:\/\/stg.cloturesdb.com\/","name":"Cl\u00f4tures et Rampes DB","description":"Granby, Sherbrooke, Saint-Hyacinthe, Sainte-Julie","publisher":{"@id":"https:\/\/stg.cloturesdb.com\/#organization"},"potentialAction":[{"@type":"SearchAction","target":{"@type":"EntryPoint","urlTemplate":"https:\/\/stg.cloturesdb.com\/?s={search_term_string}"},"query-input":{"@type":"PropertyValueSpecification","valueRequired":true,"valueName":"search_term_string"}}],"inLanguage":"en-US"},{"@type":"Organization","@id":"https:\/\/stg.cloturesdb.com\/#organization","name":"Cl\u00f4tures et rampes DB","url":"https:\/\/stg.cloturesdb.com\/","logo":{"@type":"ImageObject","inLanguage":"en-US","@id":"https:\/\/stg.cloturesdb.com\/#\/schema\/logo\/image\/","url":"https:\/\/stg.cloturesdb.com\/wp-content\/uploads\/2021\/02\/CLDB-logo-1.svg","contentUrl":"https:\/\/stg.cloturesdb.com\/wp-content\/uploads\/2021\/02\/CLDB-logo-1.svg","width":1,"height":1,"caption":"Cl\u00f4tures et rampes DB"},"image":{"@id":"https:\/\/stg.cloturesdb.com\/#\/schema\/logo\/image\/"}}]}},"_links":{"self":[{"href":"https:\/\/stg.cloturesdb.com\/en\/wp-json\/wp\/v2\/pages\/5022","targetHints":{"allow":["GET"]}}],"collection":[{"href":"https:\/\/stg.cloturesdb.com\/en\/wp-json\/wp\/v2\/pages"}],"about":[{"href":"https:\/\/stg.cloturesdb.com\/en\/wp-json\/wp\/v2\/types\/page"}],"author":[{"embeddable":true,"href":"https:\/\/stg.cloturesdb.com\/en\/wp-json\/wp\/v2\/users\/2"}],"replies":[{"embeddable":true,"href":"https:\/\/stg.cloturesdb.com\/en\/wp-json\/wp\/v2\/comments?post=5022"}],"version-history":[{"count":5,"href":"https:\/\/stg.cloturesdb.com\/en\/wp-json\/wp\/v2\/pages\/5022\/revisions"}],"predecessor-version":[{"id":6048,"href":"https:\/\/stg.cloturesdb.com\/en\/wp-json\/wp\/v2\/pages\/5022\/revisions\/6048"}],"wp:attachment":[{"href":"https:\/\/stg.cloturesdb.com\/en\/wp-json\/wp\/v2\/media?parent=5022"}],"curies":[{"name":"wp","href":"https:\/\/api.w.org\/{rel}","templated":true}]}}